{"id":55,"date":"2021-01-07T10:50:29","date_gmt":"2021-01-07T10:50:29","guid":{"rendered":"https:\/\/alpenquai.project-box-art-teaching.ch\/?page_id=55"},"modified":"2021-03-07T10:44:17","modified_gmt":"2021-03-07T10:44:17","slug":"editorial","status":"publish","type":"page","link":"https:\/\/alpenquai.project-box-art-teaching.ch\/?page_id=55","title":{"rendered":"Editorial"},"content":{"rendered":"<p>Dieses Unterrichtsprojekt orientiert sich an der Methode der \u00c4sthetischen Forschung nach Helga K\u00e4mpf-Jansen. Die Felder Alltag, Kunst, Bezugswissenschaften und eigene gestalterische Praxis sind von den Sch\u00fclerinnen und Sch\u00fclern nach eigener Gewichtung bearbeitet worden und haben den Prozess unterschiedlich gepr\u00e4gt. Als Ausgangspunkt haben wir das Thema \u00abMacht\u00bb vorgeben, das wir zu Beginn des Projekts breit diskutiert haben. Die Sch\u00fclerinnen und Sch\u00fcler haben dabei einen ganz eigenen Zugang zu diesem Thema gefunden.<\/p>\n<p>Wir haben uns entschlossen, die Projekte online zu publizieren, weil das erlaubt, verschiedenste mediale Zug\u00e4nge in lebendiger Form zu pr\u00e4sentieren. Ausserdem hat es von den Sch\u00fclerinnen und Sch\u00fclern verlangt, ihre Inhalte nochmals bezogen auf dieses Format zu \u00fcberdenken und zu gestalten.<\/p>\n<p>Gabriela Gyr, Lehrerin f\u00fcr Bildnerisches Gestalten in den Klassen 5i und 5s an der Kantonsschule Alpenquai, Luzern<\/p>\n<p>Jean-Pierre Gr\u00fcter, Dozent f\u00fcr Kunstp\u00e4dagogik an der Hochschule Luzern Design &amp; Kunst, freier Mitarbeiter in diesem Projekt<\/p>\n","protected":false},"excerpt":{"rendered":"<p>Dieses Unterrichtsprojekt orientiert sich an der Methode der \u00c4sthetischen Forschung nach Helga K\u00e4mpf-Jansen. Die Felder Alltag, Kunst, Bezugswissenschaften und eigene gestalterische Praxis sind von den Sch\u00fclerinnen und Sch\u00fclern nach eigener Gewichtung bearbeitet worden und haben den Prozess unterschiedlich gepr\u00e4gt. Als Ausgangspunkt haben wir das Thema&hellip;<\/p>\n","protected":false},"author":1,"featured_media":0,"parent":0,"menu_order":0,"comment_status":"closed","ping_status":"closed","template":"page-templates\/full-width.php","meta":{"footnotes":""},"class_list":["post-55","page","type-page","status-publish","hentry"],"_links":{"self":[{"href":"https:\/\/alpenquai.project-box-art-teaching.ch\/index.php?rest_route=\/wp\/v2\/pages\/55","targetHints":{"allow":["GET"]}}],"collection":[{"href":"https:\/\/alpenquai.project-box-art-teaching.ch\/index.php?rest_route=\/wp\/v2\/pages"}],"about":[{"href":"https:\/\/alpenquai.project-box-art-teaching.ch\/index.php?rest_route=\/wp\/v2\/types\/page"}],"author":[{"embeddable":true,"href":"https:\/\/alpenquai.project-box-art-teaching.ch\/index.php?rest_route=\/wp\/v2\/users\/1"}],"replies":[{"embeddable":true,"href":"https:\/\/alpenquai.project-box-art-teaching.ch\/index.php?rest_route=%2Fwp%2Fv2%2Fcomments&post=55"}],"version-history":[{"count":2,"href":"https:\/\/alpenquai.project-box-art-teaching.ch\/index.php?rest_route=\/wp\/v2\/pages\/55\/revisions"}],"predecessor-version":[{"id":883,"href":"https:\/\/alpenquai.project-box-art-teaching.ch\/index.php?rest_route=\/wp\/v2\/pages\/55\/revisions\/883"}],"wp:attachment":[{"href":"https:\/\/alpenquai.project-box-art-teaching.ch\/index.php?rest_route=%2Fwp%2Fv2%2Fmedia&parent=55"}],"curies":[{"name":"wp","href":"https:\/\/api.w.org\/{rel}","templated":true}]}}